{"id":92251,"date":"2025-08-21T11:57:27","date_gmt":"2025-08-21T09:57:27","guid":{"rendered":"https:\/\/elysee.hu\/?page_id=92251"},"modified":"2025-08-29T00:47:55","modified_gmt":"2025-08-28T22:47:55","slug":"10-years-of-elysee","status":"publish","type":"page","link":"https:\/\/elysee.hu\/en\/10-years-of-elysee\/","title":{"rendered":"10 Years of Elys\u00e9e"},"content":{"rendered":"<p>At the end of 2014, together with the renewal of Kossuth Square, we felt the time had come to bring back the spirit that made this place so special in the first half of the 20th century. On August 7, 2015, we opened the new Elys\u00e9e Bistro &amp; Caf\u00e9, which evokes the world of old Pest coffee houses with a touch of French charm, while remaining open to the modern gastronomy of today.<u><\/u><u><\/u><\/p>\n<p>Our story is closely linked to the G\u00f6nczi brothers, who opened the first Elys\u00e9e Caf\u00e9 in December 1931. Their passion and perseverance made Kossuth Square one of the centers of coffee house culture, where artists, politicians and citizens gathered.<u><\/u><u><\/u><\/p>\n<p>World War II and the subsequent nationalization interrupted the story of Elys\u00e9e for a long time. Its glorious past slowly faded into memory, until, after decades of silence, the opportunity arose again to bring life back to the legendary caf\u00e9 of the square. We embraced this mission: not only to rebuild walls, but to revive an entire tradition.<u><\/u><u><\/u><\/p>\n<p>In the new Elys\u00e9e, international bistro cuisine and Hungarian culinary traditions meet in an atmosphere reminiscent of Paris. Our philosophy is simple yet profound: while honoring tradition, we aim to add something new, offering our guests a true experience. This is why we welcome everyone with a varied lunch menu, carefully crafted \u00e0 la carte dishes, a wide wine selection, and specialty coffees.<u><\/u><u><\/u><\/p>\n<p>As the famous hungarian writer G\u00e9za Ottlik once a regular guest of Elys\u00e9e, wrote: <em>\u201cOne must not adapt to the world, but create it \u2013 not rearrange what is already there, but always add to it.\u201d<\/em> This thought has become our guiding principle: to add something to the life of Budapest, to gastronomy, and to everyday moments \u2013 every day, for the past ten years.<u><\/u><u><\/u><\/p>\n<p>Now, as we celebrate the 10th anniversary of the reopening of Elys\u00e9e, we look back with gratitude on the journey we have taken together with our guests. Thank you for being with us over the past decade \u2013 and we look forward to the next one, to create new experiences and new stories together on Kossuth Square.<\/p>\n","protected":false},"excerpt":{"rendered":"<p>At the end of 2014, together with the renewal of Kossuth Square, we felt the time had come to bring back the spirit that made this place so special in the first half of the 20th century. On August 7, 2015, we opened the new Elys\u00e9e Bistro &amp; Caf\u00e9, which evokes the world of old &#8230;<\/p>\n","protected":false},"author":2,"featured_media":58471,"parent":0,"menu_order":0,"comment_status":"closed","ping_status":"closed","template":"template-fullwidth.php","meta":{"inline_featured_image":false,"patiotime_single_page_hide_site_header":"","patiotime_single_page_site_header_source":"","patiotime_single_page_custom_site_header":"","patiotime_single_page_custom_sticky_site_header":"","patiotime_single_page_hide_page_title":"","patiotime_single_page_header_section_size":"","patiotime_single_page_header_background_color":"","patiotime_single_page_header_background_position_x":"center","patiotime_single_page_header_background_position_y":"center","patiotime_single_page_header_background_size":"cover","patiotime_single_page_header_background_repeat":"off","patiotime_single_page_header_background_scroll":"on","patiotime_single_page_header_text_color":"","patiotime_single_page_header_show_breadcrumb":"","patiotime_single_page_site_footer_hide_main":"","patiotime_single_custom_site_footer_main_source":"","patiotime_single_custom_site_footer_main":"","patiotime_single_page_site_footer_hide_above":"","patiotime_single_custom_site_footer_above_source":"","patiotime_single_custom_site_footer_above":"","patiotime_single_page_site_footer_hide_instagram":"","patiotime_single_page_site_footer_hide_bottom":"","patiotime_single_custom_mobile_menu_source":"","patiotime_single_custom_mobile_menu":"","patiotime_single_custom_mobile_menu_animation":"","patiotime_single_custom_mobile_menu_width":"","patiotime_single_custom_mobile_menu_custom_width":375,"footnotes":""},"class_list":["post-92251","page","type-page","status-publish","has-post-thumbnail","hentry"],"yoast_head":"<!-- This site is optimized with the Yoast SEO plugin v24.8.1 - https:\/\/yoast.com\/wordpress\/plugins\/seo\/ -->\n<title>10 Years of Elys\u00e9e - Elys\u00e9e<\/title>\n<meta name=\"robots\" content=\"index, follow, max-snippet:-1, max-image-preview:large, max-video-preview:-1\" \/>\n<link rel=\"canonical\" href=\"https:\/\/elysee.hu\/en\/10-years-of-elysee\/\" \/>\n<meta property=\"og:locale\" content=\"en_US\" \/>\n<meta property=\"og:type\" content=\"article\" \/>\n<meta property=\"og:title\" content=\"10 Years of Elys\u00e9e - Elys\u00e9e\" \/>\n<meta property=\"og:description\" content=\"At the end of 2014, together with the renewal of Kossuth Square, we felt the time had come to bring back the spirit that made this place so special in the first half of the 20th century. On August 7, 2015, we opened the new Elys\u00e9e Bistro &amp; Caf\u00e9, which evokes the world of old ...\" \/>\n<meta property=\"og:url\" content=\"https:\/\/elysee.hu\/en\/10-years-of-elysee\/\" \/>\n<meta property=\"og:site_name\" content=\"Elys\u00e9e\" \/>\n<meta property=\"article:modified_time\" content=\"2025-08-28T22:47:55+00:00\" \/>\n<meta property=\"og:image\" content=\"https:\/\/elysee.hu\/wp-content\/uploads\/2023\/11\/Fenyek_hangulat-scaled.jpg\" \/>\n\t<meta property=\"og:image:width\" content=\"2560\" \/>\n\t<meta property=\"og:image:height\" content=\"1707\" \/>\n\t<meta property=\"og:image:type\" content=\"image\/jpeg\" \/>\n<meta name=\"twitter:card\" content=\"summary_large_image\" \/>\n<meta name=\"twitter:label1\" content=\"Est. reading time\" \/>\n\t<meta name=\"twitter:data1\" content=\"3 minutes\" \/>\n<script type=\"application\/ld+json\" class=\"yoast-schema-graph\">{\"@context\":\"https:\/\/schema.org\",\"@graph\":[{\"@type\":\"WebPage\",\"@id\":\"https:\/\/elysee.hu\/en\/10-years-of-elysee\/\",\"url\":\"https:\/\/elysee.hu\/en\/10-years-of-elysee\/\",\"name\":\"10 Years of Elys\u00e9e - Elys\u00e9e\",\"isPartOf\":{\"@id\":\"https:\/\/elysee.hu\/#website\"},\"primaryImageOfPage\":{\"@id\":\"https:\/\/elysee.hu\/en\/10-years-of-elysee\/#primaryimage\"},\"image\":{\"@id\":\"https:\/\/elysee.hu\/en\/10-years-of-elysee\/#primaryimage\"},\"thumbnailUrl\":\"https:\/\/elysee.hu\/wp-content\/uploads\/2023\/11\/Fenyek_hangulat-scaled.jpg\",\"datePublished\":\"2025-08-21T09:57:27+00:00\",\"dateModified\":\"2025-08-28T22:47:55+00:00\",\"breadcrumb\":{\"@id\":\"https:\/\/elysee.hu\/en\/10-years-of-elysee\/#breadcrumb\"},\"inLanguage\":\"en-US\",\"potentialAction\":[{\"@type\":\"ReadAction\",\"target\":[\"https:\/\/elysee.hu\/en\/10-years-of-elysee\/\"]}]},{\"@type\":\"ImageObject\",\"inLanguage\":\"en-US\",\"@id\":\"https:\/\/elysee.hu\/en\/10-years-of-elysee\/#primaryimage\",\"url\":\"https:\/\/elysee.hu\/wp-content\/uploads\/2023\/11\/Fenyek_hangulat-scaled.jpg\",\"contentUrl\":\"https:\/\/elysee.hu\/wp-content\/uploads\/2023\/11\/Fenyek_hangulat-scaled.jpg\",\"width\":2560,\"height\":1707},{\"@type\":\"BreadcrumbList\",\"@id\":\"https:\/\/elysee.hu\/en\/10-years-of-elysee\/#breadcrumb\",\"itemListElement\":[{\"@type\":\"ListItem\",\"position\":1,\"name\":\"Home\",\"item\":\"https:\/\/elysee.hu\/en\/\"},{\"@type\":\"ListItem\",\"position\":2,\"name\":\"10 Years of Elys\u00e9e\"}]},{\"@type\":\"WebSite\",\"@id\":\"https:\/\/elysee.hu\/#website\",\"url\":\"https:\/\/elysee.hu\/\",\"name\":\"Elys\u00e9e\",\"description\":\"Elys\u00e9e\",\"publisher\":{\"@id\":\"https:\/\/elysee.hu\/#organization\"},\"potentialAction\":[{\"@type\":\"SearchAction\",\"target\":{\"@type\":\"EntryPoint\",\"urlTemplate\":\"https:\/\/elysee.hu\/?s={search_term_string}\"},\"query-input\":{\"@type\":\"PropertyValueSpecification\",\"valueRequired\":true,\"valueName\":\"search_term_string\"}}],\"inLanguage\":\"en-US\"},{\"@type\":\"Organization\",\"@id\":\"https:\/\/elysee.hu\/#organization\",\"name\":\"Elys\u00e9e\",\"url\":\"https:\/\/elysee.hu\/\",\"logo\":{\"@type\":\"ImageObject\",\"inLanguage\":\"en-US\",\"@id\":\"https:\/\/elysee.hu\/#\/schema\/logo\/image\/\",\"url\":\"https:\/\/elysee.hu\/wp-content\/uploads\/2023\/03\/logo1.svg\",\"contentUrl\":\"https:\/\/elysee.hu\/wp-content\/uploads\/2023\/03\/logo1.svg\",\"width\":1700,\"height\":1209,\"caption\":\"Elys\u00e9e\"},\"image\":{\"@id\":\"https:\/\/elysee.hu\/#\/schema\/logo\/image\/\"}}]}<\/script>\n<!-- \/ Yoast SEO plugin. -->","yoast_head_json":{"title":"10 Years of Elys\u00e9e - Elys\u00e9e","robots":{"index":"index","follow":"follow","max-snippet":"max-snippet:-1","max-image-preview":"max-image-preview:large","max-video-preview":"max-video-preview:-1"},"canonical":"https:\/\/elysee.hu\/en\/10-years-of-elysee\/","og_locale":"en_US","og_type":"article","og_title":"10 Years of Elys\u00e9e - Elys\u00e9e","og_description":"At the end of 2014, together with the renewal of Kossuth Square, we felt the time had come to bring back the spirit that made this place so special in the first half of the 20th century. On August 7, 2015, we opened the new Elys\u00e9e Bistro &amp; Caf\u00e9, which evokes the world of old ...","og_url":"https:\/\/elysee.hu\/en\/10-years-of-elysee\/","og_site_name":"Elys\u00e9e","article_modified_time":"2025-08-28T22:47:55+00:00","og_image":[{"width":2560,"height":1707,"url":"https:\/\/elysee.hu\/wp-content\/uploads\/2023\/11\/Fenyek_hangulat-scaled.jpg","type":"image\/jpeg"}],"twitter_card":"summary_large_image","twitter_misc":{"Est. reading time":"3 minutes"},"schema":{"@context":"https:\/\/schema.org","@graph":[{"@type":"WebPage","@id":"https:\/\/elysee.hu\/en\/10-years-of-elysee\/","url":"https:\/\/elysee.hu\/en\/10-years-of-elysee\/","name":"10 Years of Elys\u00e9e - Elys\u00e9e","isPartOf":{"@id":"https:\/\/elysee.hu\/#website"},"primaryImageOfPage":{"@id":"https:\/\/elysee.hu\/en\/10-years-of-elysee\/#primaryimage"},"image":{"@id":"https:\/\/elysee.hu\/en\/10-years-of-elysee\/#primaryimage"},"thumbnailUrl":"https:\/\/elysee.hu\/wp-content\/uploads\/2023\/11\/Fenyek_hangulat-scaled.jpg","datePublished":"2025-08-21T09:57:27+00:00","dateModified":"2025-08-28T22:47:55+00:00","breadcrumb":{"@id":"https:\/\/elysee.hu\/en\/10-years-of-elysee\/#breadcrumb"},"inLanguage":"en-US","potentialAction":[{"@type":"ReadAction","target":["https:\/\/elysee.hu\/en\/10-years-of-elysee\/"]}]},{"@type":"ImageObject","inLanguage":"en-US","@id":"https:\/\/elysee.hu\/en\/10-years-of-elysee\/#primaryimage","url":"https:\/\/elysee.hu\/wp-content\/uploads\/2023\/11\/Fenyek_hangulat-scaled.jpg","contentUrl":"https:\/\/elysee.hu\/wp-content\/uploads\/2023\/11\/Fenyek_hangulat-scaled.jpg","width":2560,"height":1707},{"@type":"BreadcrumbList","@id":"https:\/\/elysee.hu\/en\/10-years-of-elysee\/#breadcrumb","itemListElement":[{"@type":"ListItem","position":1,"name":"Home","item":"https:\/\/elysee.hu\/en\/"},{"@type":"ListItem","position":2,"name":"10 Years of Elys\u00e9e"}]},{"@type":"WebSite","@id":"https:\/\/elysee.hu\/#website","url":"https:\/\/elysee.hu\/","name":"Elys\u00e9e","description":"Elys\u00e9e","publisher":{"@id":"https:\/\/elysee.hu\/#organization"},"potentialAction":[{"@type":"SearchAction","target":{"@type":"EntryPoint","urlTemplate":"https:\/\/elysee.hu\/?s={search_term_string}"},"query-input":{"@type":"PropertyValueSpecification","valueRequired":true,"valueName":"search_term_string"}}],"inLanguage":"en-US"},{"@type":"Organization","@id":"https:\/\/elysee.hu\/#organization","name":"Elys\u00e9e","url":"https:\/\/elysee.hu\/","logo":{"@type":"ImageObject","inLanguage":"en-US","@id":"https:\/\/elysee.hu\/#\/schema\/logo\/image\/","url":"https:\/\/elysee.hu\/wp-content\/uploads\/2023\/03\/logo1.svg","contentUrl":"https:\/\/elysee.hu\/wp-content\/uploads\/2023\/03\/logo1.svg","width":1700,"height":1209,"caption":"Elys\u00e9e"},"image":{"@id":"https:\/\/elysee.hu\/#\/schema\/logo\/image\/"}}]}},"_links":{"self":[{"href":"https:\/\/elysee.hu\/en\/wp-json\/wp\/v2\/pages\/92251"}],"collection":[{"href":"https:\/\/elysee.hu\/en\/wp-json\/wp\/v2\/pages"}],"about":[{"href":"https:\/\/elysee.hu\/en\/wp-json\/wp\/v2\/types\/page"}],"author":[{"embeddable":true,"href":"https:\/\/elysee.hu\/en\/wp-json\/wp\/v2\/users\/2"}],"replies":[{"embeddable":true,"href":"https:\/\/elysee.hu\/en\/wp-json\/wp\/v2\/comments?post=92251"}],"version-history":[{"count":1,"href":"https:\/\/elysee.hu\/en\/wp-json\/wp\/v2\/pages\/92251\/revisions"}],"predecessor-version":[{"id":92252,"href":"https:\/\/elysee.hu\/en\/wp-json\/wp\/v2\/pages\/92251\/revisions\/92252"}],"wp:featuredmedia":[{"embeddable":true,"href":"https:\/\/elysee.hu\/en\/wp-json\/wp\/v2\/media\/58471"}],"wp:attachment":[{"href":"https:\/\/elysee.hu\/en\/wp-json\/wp\/v2\/media?parent=92251"}],"curies":[{"name":"wp","href":"https:\/\/api.w.org\/{rel}","templated":true}]}}